{"id":509,"date":"2018-07-02T15:26:00","date_gmt":"2018-07-02T13:26:00","guid":{"rendered":"https:\/\/www.bnhof.de\/?page_id=509"},"modified":"2018-07-02T16:34:09","modified_gmt":"2018-07-02T14:34:09","slug":"freifunk-wlan-fuer-alle","status":"publish","type":"page","link":"https:\/\/www.bnhof.de\/?page_id=509","title":{"rendered":"Freifunk &#8211; WLAN f\u00fcr alle!"},"content":{"rendered":"<p>Freifunk ist ein <span style=\"color:#0d6792;\">offenes, nicht kommerzielles und f\u00fcr jeden zug\u00e4ngliches WLAN-Netzwerk<\/span>. <\/p>\n<p>Das bedeutet, dass jeder Freifunk als Internetzugang f\u00fcr Computer, Tablet oder Handy nutzen kann \u2013 <span style=\"color:#0d6792;\">ohne Passwort, Beschr\u00e4nkung, Kosten oder Werbung<\/span>. <\/p>\n<p>\u00dcberall, wo Freifunk angeboten wird, k\u00f6nnen Sie sich <span style=\"color:#0d6792;\">anonym und ohne Registrierung<\/span> im Netzwerk anmelden und es beliebig nutzen.<\/p>\n<p><\/p>\n<p><a href=\"https:\/\/www.bnhof.de\/wp-content\/uploads\/2018\/07\/Bildschirmfoto-2018-07-02-um-15.52.18.png\"><img decoding=\"async\" src=\"https:\/\/www.bnhof.de\/wp-content\/uploads\/2018\/07\/Bildschirmfoto-2018-07-02-um-15.52.18.png\" alt=\"\"  style=\"margin-left:auto; margin-right:auto;\" class=\"alignnone size-full wp-image-419\" \/><\/a> <\/p>\n<div style=\"color:#0d6792; font-size: 18px;\">F\u00dcR BETREIBER <\/div>\n<p><\/p>\n<p>Mit einem Freifunk-Router k\u00f6nnen Sie Internet f\u00fcr Jedermann anbieten \u2013 ohne Sicherheitsrisiken oder merkliche Geschwindigkeitseinbu\u00dfen Ihres eigenen Internetzugangs. Der Freifunk-Router kann sich nur mit dem Freifunk-Server verbinden.<\/p>\n<p>Ebenso, wie jeder das Freifunk-Netzwerk nutzen kann, kann auch jeder Freifunk-Anbieter werden: <\/p>\n<ol>\n<li>Auf <a href=\"https:\/\/www.bnhof.de\/mitfunken\/\" style=\"color:#0d6792;\">www.bnhof.de\/mitfunken<\/a> k\u00f6nnen Sie einen geeigneten Router bei unserem technischen Partner, der Firma Int-Tech Systems bestellen und zum BNV liefern lassen. Neben dem Standardger\u00e4t, steht eins mit h\u00f6herer Leistung und eines f\u00fcr den Au\u00dfeneinsatz zur Verf\u00fcgung. <\/li>\n<li>Der B\u00fcrgernetzverein Hof e.V. konfiguriert durch die Angaben im Bestellformular den Router kostenlos f\u00fcr den Freifunk-Einsatz an Ihrem Standort. <\/li>\n<li>Holen Sie den Router an unserem Vereinssitz in Tauperlitz ab.<\/li>\n<li>Dann m\u00fcssen Sie Ihren Router nur noch an Strom und ans Internet anschlie\u00dfen &#8211; schon kann es losgehen! <\/li>\n<p><img loading=\"lazy\" decoding=\"async\" src=\"https:\/\/www.bnhof.de\/wp-content\/uploads\/2017\/11\/Bildschirmfoto-2017-11-21-um-16.51.25-206x300.png\" alt=\"Flyer Vorschau\" width=\"206\" height=\"300\" class=\"alignnone size-medium wp-image-437\" style=\"float:left;\" srcset=\"https:\/\/www.bnhof.de\/wp-content\/uploads\/2017\/11\/Bildschirmfoto-2017-11-21-um-16.51.25-206x300.png 206w, https:\/\/www.bnhof.de\/wp-content\/uploads\/2017\/11\/Bildschirmfoto-2017-11-21-um-16.51.25-171x250.png 171w, https:\/\/www.bnhof.de\/wp-content\/uploads\/2017\/11\/Bildschirmfoto-2017-11-21-um-16.51.25.png 445w\" sizes=\"auto, (max-width: 206px) 100vw, 206px\" \/><br \/>\n<a href=\"https:\/\/www.bnhof.de\/wp-content\/uploads\/2017\/11\/freifunk-flyer_ff3.pdf\" style=\"color:#0d6792; font-size: 18px; font-weight: bold;\">Hier klicken um zum Freifunk-Flyer mit weiteren Informationen zu gelangen<\/a><\/p>\n<div style=\"clear:both;\"><\/div>\n<p>Umfassende Informationen finden Sie unter:<br \/>\n<a href=\"https:\/\/wiki.freifunk-franken.de\/w\/Hauptseite\" style=\"color:#0d6792;\">wiki.freifunk-franken.de<\/a><\/p>\n","protected":false},"excerpt":{"rendered":"<p>Freifunk ist ein offenes, nicht kommerzielles und f\u00fcr jeden zug\u00e4ngliches WLAN-Netzwerk. Das bedeutet, dass jeder Freifunk als Internetzugang f\u00fcr Computer, Tablet oder Handy nutzen kann \u2013 ohne Passwort, Beschr\u00e4nkung, Kosten oder Werbung. \u00dcberall, wo Freifunk angeboten wird, k\u00f6nnen Sie sich anonym und ohne Registrierung im Netzwerk anmelden und es beliebig nutzen. F\u00dcR BETREIBER Mit einem [&hellip;]<\/p>\n","protected":false},"author":2,"featured_media":0,"parent":16,"menu_order":5,"comment_status":"closed","ping_status":"closed","template":"","meta":{"footnotes":"","_links_to":"","_links_to_target":""},"class_list":["post-509","page","type-page","status-publish","hentry"],"_links":{"self":[{"href":"https:\/\/www.bnhof.de\/index.php?rest_route=\/wp\/v2\/pages\/509","targetHints":{"allow":["GET"]}}],"collection":[{"href":"https:\/\/www.bnhof.de\/index.php?rest_route=\/wp\/v2\/pages"}],"about":[{"href":"https:\/\/www.bnhof.de\/index.php?rest_route=\/wp\/v2\/types\/page"}],"author":[{"embeddable":true,"href":"https:\/\/www.bnhof.de\/index.php?rest_route=\/wp\/v2\/users\/2"}],"replies":[{"embeddable":true,"href":"https:\/\/www.bnhof.de\/index.php?rest_route=%2Fwp%2Fv2%2Fcomments&post=509"}],"version-history":[{"count":31,"href":"https:\/\/www.bnhof.de\/index.php?rest_route=\/wp\/v2\/pages\/509\/revisions"}],"predecessor-version":[{"id":544,"href":"https:\/\/www.bnhof.de\/index.php?rest_route=\/wp\/v2\/pages\/509\/revisions\/544"}],"up":[{"embeddable":true,"href":"https:\/\/www.bnhof.de\/index.php?rest_route=\/wp\/v2\/pages\/16"}],"wp:attachment":[{"href":"https:\/\/www.bnhof.de\/index.php?rest_route=%2Fwp%2Fv2%2Fmedia&parent=509"}],"curies":[{"name":"wp","href":"https:\/\/api.w.org\/{rel}","templated":true}]}}