{"id":5,"date":"2013-06-10T16:57:59","date_gmt":"2013-06-10T14:57:59","guid":{"rendered":"http:\/\/www.phatmedia.de\/bnv\/?page_id=5"},"modified":"2017-04-03T17:07:12","modified_gmt":"2017-04-03T15:07:12","slug":"aktuelles","status":"publish","type":"page","link":"https:\/\/www.bnhof.de\/?page_id=5","title":{"rendered":"Aktuelles"},"content":{"rendered":"<p><em>Aktuelle News rund um den B\u00fcrgernetzverein Hof:<\/em><\/p>\n<ul class=\"lcp_catlist\" id=\"lcp_instance_0\"><li><a href=\"https:\/\/www.bnhof.de\/?p=592\">St\u00f6rungsmeldung im Vodafone-Netz<\/a>  14. Februar 2022<div class=\"lcp_content\">\n<p>Wenn Sie Vodafone-Kunde sind, k\u00f6nnen Sie uns St\u00f6rungen Ihrer Verbindung jetzt melden. Bitte beachten Sie, dass Sie sich zur Behebung dennoch an den Vodafone-Support wenden m\u00fcssen.<br><br><a href=\"https:\/\/www.bnhof.de\/?page_id=583\" data-type=\"URL\" data-id=\"https:\/\/www.bnhof.de\/?page_id=583\">Zur St\u00f6rungsmeldung<\/a><\/p>\n<a href=\"https:\/\/www.bnhof.de\/?p=592\" title=\"Weiterlesen &rarr;\">Weiterlesen &rarr;<\/a><\/div><\/li><li><a href=\"https:\/\/www.bnhof.de\/?p=571\">Jahresr\u00fcckblick &#8211; Jahresausblick<\/a>  20. Dezember 2018<div class=\"lcp_content\"><p><strong>Ein turbulentes Jahr 2018<\/strong> liegt hinter uns. Nicht nur die Einf\u00fchrung der DSGVO hat Fragen bei unseren Mitgliedern ausgel\u00f6st. Geh\u00e4uft traten auch F\u00e4lle von &#8222;Erpressungs-Trojanern&#8220; (Ransomware) auf und hinterlie\u00dfen Sch\u00e4den bei unseren Mitgliedern (wir warnten hier am 16. Juli davor). Unsere ehrenamtlichen Helfer standen mit Rat per E-Mail und Telefon zur Seite und konnten in einigen F\u00e4llen den Schaden begrenzen. Auch in Sachen Freifunk sind wir weiter aktiv und haben wieder viele Router f\u00fcr neue Freifunk-Teilnehmer konfiguriert.<\/p>\n<p>Mit dem wiedergew\u00e4hlten Vorstand und der Unterst\u00fctzung durch Ihre Mitgliedsbeitr\u00e4ge und Spenden werden wir auch 2019 unsere Aktivit\u00e4ten fortsetzen und unseren Mitgliedern mit Diensten, Hilfestellung und Austausch zur Seite stehen. Ein ganz besonderer Dank gilt an dieser Stelle dem Landkreis Hof f\u00fcr seine gro\u00dfz\u00fcgige finanzielle F\u00f6rderung.<\/p>\n<p>Was wir uns f\u00fcr das neue Jahr w\u00fcnschen w\u00fcrden, w\u00e4re Unterst\u00fctzung \u00fcber das Finanzielle hinaus. Weitere aktive Mitglieder, die anderen helfen wollen, werden dringend gesucht und sind herzlich willkommen.<\/p>\n<p><strong>Ihnen w\u00fcnschen wir frohe Feiertage und ein technisch st\u00f6rungsfreies Jahr 2019!<\/strong><\/p>\n<a href=\"https:\/\/www.bnhof.de\/?p=571\" title=\"Weiterlesen &rarr;\">Weiterlesen &rarr;<\/a><\/div><\/li><li><a href=\"https:\/\/www.bnhof.de\/?p=546\">Phishing-Warnung!<\/a>  16. Juli 2018<div class=\"lcp_content\"><p><\/p>\n<div style=\"font-size:20px; color:#ff0000; font-style:bold;\">Vorsicht!<\/div>\n<p><\/p>\n<p>Uns wurde mitgeteilt, dass eine Phishing-Mail im Umlauf ist, die Sie dazu auffordert wegen Verkehrsunregelm\u00e4\u00dfigkeiten auf einen Link zu klicken. <\/p>\n<p><span style=\"font-style: bold; color:#ff0000; font-size:18px;\">Klicken Sie bitte auf keinen Fall auf diesen Link!<\/span> <\/p>\n<p>Diese Mail stammt nicht von uns und ist h\u00f6chstwahrscheinlich ein Betrugsversuch!<\/p>\n<p>Hier die Phishing-Mail im Wortlaut: <br \/>\n<span style=\"font-style: italic; font-size:11px;\">&#8222;Allgemeine Warnung !!!<br \/> Unsere Datenbank hat Verkehrsunregelm\u00e4\u00dfigkeiten festgestellt und Ihr Konto wird als Reaktion auf ein Protestsignal blockiert, das durch das Sicherheitsprotokoll empfangen wurde. Es wurde versucht, sich bei ungew\u00f6hnlichen Aktivit\u00e4ten \u00fcber einen unbekannten Computer anzumelden \/ zu verwenden. Um den Verlust Ihres E-Mail-Kontos zu vermeiden, sollten Sie innerhalb der n\u00e4chsten 24 Stunden darauf klicken, um Ihre E-Mail zu aktualisieren.&#8220; <\/span><\/p>\n<p>Eine Phishing-Mail ist eine <span style=\"color:#ff0000;\">gef\u00e4lschte E-Mail<\/span>, die darauf abzielt mit betr\u00fcgerischer Absicht an pers\u00f6nliche Daten zu gelangen. Hierbei wird dem Empf\u00e4nger glauben gemacht, die Mail stamme von einer seri\u00f6sen Quelle und das Klicken auf den Link w\u00e4re unumg\u00e4nglich. Achten Sie auf den Absender. Dieser gibt meist Aufschluss dar\u00fcber, ob eine Mail glaubw\u00fcrdig ist, oder nicht.<\/p>\n<p>Falls Sie eine Phishing-Mail erhalten haben, ignorieren und l\u00f6schen Sie diese. <\/p>\n<a href=\"https:\/\/www.bnhof.de\/?p=546\" title=\"Weiterlesen &rarr;\">Weiterlesen &rarr;<\/a><\/div><\/li><li><a href=\"https:\/\/www.bnhof.de\/?p=500\">Vortrag: &#8222;Wie mache ich mein Business fit f\u00fcr das Zeitalter der Digitalisierung?&#8220;<\/a>  12. M\u00e4rz 2018<div class=\"lcp_content\"><p>Hof ist nach wie vor eine Einkaufsstadt:  Viele H\u00e4ndler in der Saalestadt sind alteingesessen und wissen nur zu gut, wie Handel funktioniert. Nun aber hat sich das Kundenverhalten ver\u00e4ndert, was zu deutlich gestiegenen Herausforderungen an das Gewerbe f\u00fchrt, wenn die Zukunft des Unternehmens oder des Gesch\u00e4ftes positiv gestaltet werden soll. Was gestern noch das Branchenbuch, Flyer oder die Meinung des Nachbarn waren, sind heute Eintr\u00e4ge bei Google und Facebook, der Auftritt dort sowie die dort erlangten Bewertungen sowie die Kundenbindung \u00fcber soziale Medien. Nur, wem es neben klassischer Werbung auch gelingt, \u00fcber die Google-Suche nach Produkt und Ort zu den ersten Suchergebnissen zu geh\u00f6ren, der wird f\u00fcr die Masse an Kunden zuk\u00fcnftig noch findbar sein. Nur, wer geschickt die Bed\u00fcrfnisse seiner Kundschaft mit der Bequemlichkeit des Internets verkn\u00fcpft, der kann am Markt bestehen. Station\u00e4re Gesch\u00e4fte sind heute wie nie zuvor auf die Kombination mit einem erfolgreichen Internetbusiness angewiesen.<\/p>\n<p>Der B\u00fcrgernetzverein Hof bietet nach einer erfolgreichen Veranstaltung im Januar nun eine weitere kostenlose Schulung an, die eben jene Kompetenzen in ihren Grundlagen vermittelt. Es werden M\u00f6glichkeiten aufgezeigt wie man &#8211; auch als Social-Media-Laie &#8211; nur mit Basis-Internet-Kenntnissen, diese Potentiale f\u00fcr sich nutzen kann um im 21.Jahrhundert nicht abgeh\u00e4ngt zu werden oder gar f\u00fcr die j\u00fcngere Generation komplett unsichtbar zu sein. Geschult werden fast ausschlie\u00dflich Qualifikationen und Ma\u00dfnahmen, f\u00fcr die keinerlei zus\u00e4tzliche Kosten f\u00fcr Werbung, Agenturen oder Marketing anfallen. Hierzu z\u00e4hlen u.a. :<\/p>\n<p>&#8211; Mein Eintrag bei Google Maps<\/p>\n<p>&#8211; Mein Eintrag bei Facebook<\/p>\n<p>&#8211; Meine aktive Pr\u00e4senz bei Facebook, Instagram und\/oder Twitter<\/p>\n<p>&#8211; Wie bringe ich meine Website in den Suchergebnissen nach oben?<\/p>\n<div style=\"color:#0d6792;\">Datum:<\/div>\n<p> Mittwoch, 11. April 2018.<\/p>\n<div style=\"color:#0d6792;\">Zeit:<\/div>\n<p> 18.30 Uhr.<\/p>\n<div style=\"color:#0d6792;\">Ort:<\/div>\n<p> Rathaus, Klosterstr. 1, Kleiner Sitzungssaal (1. Stock).<\/p>\n<div style=\"color:#0d6792;\">Kosten:<\/div>\n<p> Der Eintritt ist frei.<\/p>\n<div style=\"font-size:18px;\">Der Veranstalter bittet um Anmeldung unter:  <a style=\"color: #0d6792; font-size:18px;\"href=\"mailto:vorstand@bnhof.de\">vorstand@bnhof.de<\/a> <\/div>\n<p><\/p>\n<p>Um zu der Facebook-Veranstaltung zu gelangen, klicken Sie bitte <a style=\"color:#0d6792; font-size:15px;\" href=\"https:\/\/www.facebook.com\/events\/227621757812144\/\" alt=\"Facebook-Link\">hier.<\/a><\/p>\n<div style=\"font-size:9px;\"> (Text: Rainer Krau\u00df)<\/div>\n<a href=\"https:\/\/www.bnhof.de\/?p=500\" title=\"Weiterlesen &rarr;\">Weiterlesen &rarr;<\/a><\/div><\/li><li><a href=\"https:\/\/www.bnhof.de\/?p=491\">\u201eMein Gewerbe bei Google Maps und Facebook\u201c &#8211; Ein Erfolg<\/a>  17. Januar 2018<div class=\"lcp_content\"><p>Am 10.01.2017 hielt unser Vorstandsmitglied Wastl Steinh\u00e4u\u00dfer zusammen mit anderen Referenten einen Vortrag f\u00fcr Gewerbetreibende, die sich auf Social Media Plattformen besser pr\u00e4sentieren wollen. Den Teilnehmenden wurde vorgestellt, wie sie den Beliebtheitsgrad ihres Unternehmens steigern k\u00f6nnen, um eine h\u00f6here Kundenfrequenz und gleichzeitig dazu h\u00f6here Ums\u00e4tze zu erzielen.<br \/>\nDer Abend war ein voller Erfolg!<br \/>\nWir bedanken uns bei der Stadt Hof f\u00fcr die Bereitstellung der R\u00e4umlichkeiten,  bei den Wissensvermittlern und nat\u00fcrlich auch bei allen G\u00e4sten, die so zahlreich erschienen sind.<br \/>\nDie Veranstaltung war lange im voraus ausgebucht, deswegen ist f\u00fcr die Zukunft ein weiterer Abend geplant!<br \/>\nInfos dazu folgen hier auf unserer BNHOF-Seite und auf unserer <a style=\"color:#0d6792; font-size:15px;\" href=\"https:\/\/www.facebook.com\/bnhof\/?hc_ref=ARTEElne_nsXS8ZrmJDQY-WcWMeDPh4nXZ64yBGv3Kb8VlgeJaTA_TjRNPMJ6K7Nl7A&#038;fref=nf\" alt=\"Facebook-Link\">Facebook-Seite.<\/a><br \/>\n<img decoding=\"async\" src=\"https:\/\/www.bnhof.de\/wp-content\/uploads\/2018\/01\/26685305_1814809151884566_861790789873390554_o.jpg\" alt=\"Bild vom Vortrag\" class=\"alignnone size-medium wp-image-437\" style=\"float:left; max-width: 571px;\" \/><\/p>\n<div style=\"clear:both;\"> <\/div>\n<a href=\"https:\/\/www.bnhof.de\/?p=491\" title=\"Weiterlesen &rarr;\">Weiterlesen &rarr;<\/a><\/div><\/li><li><a href=\"https:\/\/www.bnhof.de\/?p=481\">Kapazit\u00e4tsgrenze f\u00fcr den Vortrag am 10.01.2018 erreicht!<\/a>  9. Januar 2018<div class=\"lcp_content\"><p>Die Kapazit\u00e4tsgrenze f\u00fcr den Vortrag &#8222;Mein Gewerbe bei Google Maps und Facebook&#8220; wurde erreicht.<br \/>\nAlle Personen, die sich bis zum 6.12.2017 angemeldet haben, bekamen eine Anmeldebest\u00e4tigung per E-Mail. Personen, die sich jetzt noch anmelden m\u00f6chten, landen auf einer Warteliste. Sollte es zu Absagen von Teilnehmern kommen, was wir nicht hoffen, kann man entsprechend nachr\u00fccken. <\/p>\n<p>F\u00fcr alle, die leider nicht an dem Abend teilnehmen k\u00f6nnen, aber wollen:  Wir werden die Warteliste nutzen um gegebenenfalls einen weiteren Abend zu planen.<\/p>\n<a href=\"https:\/\/www.bnhof.de\/?p=481\" title=\"Weiterlesen &rarr;\">Weiterlesen &rarr;<\/a><\/div><\/li><li><a href=\"https:\/\/www.bnhof.de\/?p=473\">Freifunk macht Schule<\/a>  13. Dezember 2017<div class=\"lcp_content\"><p>Der Ausbau des Freifunk-Netzes im Landkreis Hof schreitet voran.<br \/>\nNeben vielen Gemeinden, die in den letzten Monaten vom B\u00fcrgernetzverein vorbereitete Freifunk-Router installiert haben, bietet seit heute die Von-P\u00fchel-Schule in Tauperlitz ebenfalls freies WLAN an. Nach der gestrigen Ortbegehung mit B\u00fcrgermeister Thomas Knauer, der Rektorin Karin R\u00fcsing und der stellvertretenden Schulleiterin Daniela Dippold wurde heute ein erster Router eingerichtet. Weitere sollen in K\u00fcrze folgen, um das gesamte Schulgel\u00e4nde abzudecken. Doch schon jetzt wird das Freifunk-Angebot gerne genutzt.<\/p>\n<div style=\"color:#0d6792;\">M\u00f6chten Sie ebenfalls freies WLAN anbieten? <\/div>\n<p>Dann nehmen Sie einfach Kontakt zu uns auf.<\/p>\n<a href=\"https:\/\/www.bnhof.de\/?p=473\" title=\"Weiterlesen &rarr;\">Weiterlesen &rarr;<\/a><\/div><\/li><li><a href=\"https:\/\/www.bnhof.de\/?p=449\">Vortrag: &#8222;Mein Gewerbe bei Google Maps und Facebook&#8220;<\/a>  21. November 2017<div class=\"lcp_content\"><p>Am 10.01.2017 zwischen 18:30 &#8211; 22:00 Uhr zeigt Wastl Steinh\u00e4u\u00dfer auf, wie leicht es f\u00fcr lokale Gewerbetreibende ist, ohne Kostenaufwand auf Social-Media-Plattformen sichtbar zu werden. Der &#8218;Google Local Guide Lvl 8&#8216; und langj\u00e4hrige &#8218;Facebook Places Editor&#8216; erkl\u00e4rt, wie man auf Google Maps, Facebook und Co.  Herr \u00fcber die Darstellung der eigenen Firma wird. Dar\u00fcber hinaus stellt er M\u00f6glichkeiten vor, wie man den lokalen Bekanntheitsgrad, die Beliebtheit, damit die Kundenfrequenz und letztendlich auch die Ums\u00e4tze steigert.<\/p>\n<div style=\"color:#0d6792;\">Zielgruppe:<\/div>\n<p>Kleine und mittelst\u00e4ndische Unternehmen die bisher noch nicht (optimal) in Google Maps und\/oder Socialmedia vertreten sind.<\/p>\n<div style=\"color:#0d6792;\">Max. Teilnehmerzahl:<\/div>\n<p> 20.<\/p>\n<div style=\"color:#0d6792;\">Ort:<\/div>\n<p> Wird noch bekannt gegeben.<\/p>\n<div style=\"font-size:18px;\">Eine verbindliche Anmeldung \u00fcber eine Mail an  <a style=\"color: #0d6792; font-size:18px;\"href=\"mailto:vorstand@bnhof.de\">vorstand@bnhof.de<\/a>  ist unbedingt erforderlich. <\/div>\n<p><\/p>\n<p>Um zu der Facebook-Veranstaltung zu gelangen, klicken Sie bitte <a style=\"color:#0d6792; font-size:15px;\" href=\"https:\/\/www.facebook.com\/events\/375064469609207\/\" alt=\"Facebook-Link\">hier.<\/a><\/p>\n<a href=\"https:\/\/www.bnhof.de\/?p=449\" title=\"Weiterlesen &rarr;\">Weiterlesen &rarr;<\/a><\/div><\/li><li><a href=\"https:\/\/www.bnhof.de\/?p=439\">Der neue Freifunk-Flyer ist da!<\/a>  3. November 2017<div class=\"lcp_content\"><p><img loading=\"lazy\" decoding=\"async\" src=\"https:\/\/www.bnhof.de\/wp-content\/uploads\/2017\/11\/Bildschirmfoto-2017-11-21-um-16.51.25-206x300.png\" alt=\"Flyer Vorschau\" width=\"206\" height=\"300\" class=\"alignnone size-medium wp-image-437\" style=\"float:left;\" srcset=\"https:\/\/www.bnhof.de\/wp-content\/uploads\/2017\/11\/Bildschirmfoto-2017-11-21-um-16.51.25-206x300.png 206w, https:\/\/www.bnhof.de\/wp-content\/uploads\/2017\/11\/Bildschirmfoto-2017-11-21-um-16.51.25-171x250.png 171w, https:\/\/www.bnhof.de\/wp-content\/uploads\/2017\/11\/Bildschirmfoto-2017-11-21-um-16.51.25.png 445w\" sizes=\"auto, (max-width: 206px) 100vw, 206px\" \/><\/p>\n<p>Der Flyer dient der schnellen Beantwortung aller wichtigen Fragen rund um Freifunk.<br \/>\nEr wird an einigen \u00f6ffentlichen Stellen, an denen Freifunk angeboten wird, zu finden sein. <\/p>\n<p>Klicken Sie auf den unten stehenden Link, um den Flyer als PDF-Datei zu \u00f6ffnen. <\/p>\n<p><a href=\"https:\/\/www.bnhof.de\/wp-content\/uploads\/2017\/11\/freifunk-flyer_ff3.pdf\" style=\"color:#0d6792; font-size: 18px; font-weight: bold;\">Zum Freifunk-Flyer<\/a><\/p>\n<div style=\"clear:both;\"> <\/div>\n<a href=\"https:\/\/www.bnhof.de\/?p=439\" title=\"Weiterlesen &rarr;\">Weiterlesen &rarr;<\/a><\/div><\/li><li><a href=\"https:\/\/www.bnhof.de\/?p=366\">Ausbau von Freifunk Franken schreitet voran<\/a>  3. April 2017<div class=\"lcp_content\"><p>Dank der gro\u00dfz\u00fcgigen Spende des Landkreis Hof im vergangenen Jahr konnte die Zahl der Freifunk-Router im Raum Hof und Umgebung deutlich erh\u00f6ht werden. Inzwischen haben bereits viele Gemeinden und Kommunen ihre Router bestellt oder bereits schon erhalten und aufgestellt. So entsteht St\u00fcck f\u00fcr St\u00fcck ein immer engeres, fl\u00e4chendeckenderes Netzwerk. Daten, wie zum Beispiel Text, Musik und Filme k\u00f6nnen im Freifunk-Netz \u00fcbertragen oder von Teilnehmern eingerichtete Dienste genutzt werden \u2013 z.B. Chat, Telefonieren oder gemeinsames Online-Games spielen. Das kostenfreie, f\u00fcr Jedermann offene Freifunk-Netz ist Teil einer globalen Bewegung f\u00fcr freie Infrastrukturen. Die Vision ist eine Demokratisierung der Kommunikationsmedien durch freie Netzwerke. Die praktische Umsetzung dieser Idee nehmen Freifunk-Communities in der ganzen Welt in Angriff. Der B\u00fcrgernetzverein Hof wird den Betreibern der Router auch weiterhin bei der Aktualisierung und Administration der Ger\u00e4te mit Rat und Tat zur Seite stehen.<\/p>\n<p>Weitere Informationen zum Projekt Freifunk Franken finden Sie unter https:\/\/wiki.freifunk-franken.de\/<\/p>\n<p>Auch Sie k\u00f6nnen sich beteiligen! F\u00fcr Fragen dazu stehen wir Ihnen gern per E-Mail zur Verf\u00fcgung: freifunk@bnhof.de<\/p>\n<a href=\"https:\/\/www.bnhof.de\/?p=366\" title=\"Weiterlesen &rarr;\">Weiterlesen &rarr;<\/a><\/div><\/li><\/ul>\n","protected":false},"excerpt":{"rendered":"<p>Aktuelle News rund um den B\u00fcrgernetzverein Hof:<\/p>\n","protected":false},"author":1,"featured_media":0,"parent":0,"menu_order":1,"comment_status":"closed","ping_status":"closed","template":"","meta":{"footnotes":"","_links_to":"","_links_to_target":""},"class_list":["post-5","page","type-page","status-publish","hentry"],"_links":{"self":[{"href":"https:\/\/www.bnhof.de\/index.php?rest_route=\/wp\/v2\/pages\/5","targetHints":{"allow":["GET"]}}],"collection":[{"href":"https:\/\/www.bnhof.de\/index.php?rest_route=\/wp\/v2\/pages"}],"about":[{"href":"https:\/\/www.bnhof.de\/index.php?rest_route=\/wp\/v2\/types\/page"}],"author":[{"embeddable":true,"href":"https:\/\/www.bnhof.de\/index.php?rest_route=\/wp\/v2\/users\/1"}],"replies":[{"embeddable":true,"href":"https:\/\/www.bnhof.de\/index.php?rest_route=%2Fwp%2Fv2%2Fcomments&post=5"}],"version-history":[{"count":19,"href":"https:\/\/www.bnhof.de\/index.php?rest_route=\/wp\/v2\/pages\/5\/revisions"}],"predecessor-version":[{"id":382,"href":"https:\/\/www.bnhof.de\/index.php?rest_route=\/wp\/v2\/pages\/5\/revisions\/382"}],"wp:attachment":[{"href":"https:\/\/www.bnhof.de\/index.php?rest_route=%2Fwp%2Fv2%2Fmedia&parent=5"}],"curies":[{"name":"wp","href":"https:\/\/api.w.org\/{rel}","templated":true}]}}