{"id":27,"date":"2013-06-14T13:12:31","date_gmt":"2013-06-14T11:12:31","guid":{"rendered":"http:\/\/www.phatmedia.de\/bnv\/?page_id=27"},"modified":"2017-04-03T18:07:09","modified_gmt":"2017-04-03T16:07:09","slug":"geschichte","status":"publish","type":"page","link":"https:\/\/www.bnhof.de\/?page_id=27","title":{"rendered":"Geschichte"},"content":{"rendered":"<h3>Pionierarbeit aus Tradition in schnelllebigem Zeitalter<\/h3>\n<h1>15 Jahre BNV Hof<\/h1>\n<p>Am 12. M\u00e4rz 1996 wurde der B\u00fcrgernetzverein Hof e.V. gegr\u00fcndet. Am 05. November 1996 ging das B\u00fcrgernetz Hof online. Der Freistaat Bayern stellte \u00fcber die Zugangsleitung an der Fachhochschule Hof, auf Grundlage der Initiative Bayern Online I, dem Verein 25% der damals dort vorhandenen 2 Megabit-Anbindung zum Deutschen Forschungsnetz (DFN) Verf\u00fcgung. Der B\u00fcrgernetzverein errichtete dort entsprechende Server und Einwahltechnik f\u00fcr ISDN-Verbindungen und Analogmodems. Mitgliedern konnte dadurch ein Internetzugang zum reinen Ortstarif ohne weitere Kosten angeboten werden, was damals nur in Gro\u00dfst\u00e4dten wie Frankfurt und Hamburg m\u00f6glich war.<\/p>\n<p>Am 01. Juli 1997 er\u00f6ffnete zus\u00e4tzlich das B\u00fcrgernetzb\u00fcro in der Hofer Innenstadt, welches sich schnell zu einem Treffpunkt der Internet-Interessierten in Hof und Umgebung entwickelte. Es folgten verschiedene Lehrveranstaltungen, Vortr\u00e4ge und Aktionen in den Jahren 1997 und 1998. Am 15. August 1997 wurde die Leitungskapazit\u00e4t verdoppelt. Gleichzeitig erhielten weitere Teile des Landkreises Zugang zur kosteng\u00fcnstigen Internet-Einwahl.<\/p>\n<p>1998 begr\u00fc\u00dfte der Verein sein 2.000. Mitglied. Zum Angebot f\u00fcr Mitglieder geh\u00f6rten neben der Einwahl ein eigener Email-Account, Webspace f\u00fcr eine eigene Homepage, umfangreicher Support und zahlreiche Vortr\u00e4ge. Dies alles sorgte f\u00fcr regen Mitgliederzuwachs.<\/p>\n<p>Am 23. Mai 1998 wurde zus\u00e4tzlich die Seniorengruppe \u201e60-plus\u201c ins Leben gerufen. Im Laufe der Zeit entwickelte sich mit Mailinglisten, Stammtischen und Chats (via IRC #hof) eine aktive Community. Der Verein erlebte so seine Glanzzeit Ende der 90er Jahre.<\/p>\n<p>Im Jahr 2000 zeigte der B\u00fcrgernetzverein gro\u00dfes Engagement mit der Aufschaltung des Schulenserver \u201eedu\u201c. Schulklassen, Arbeitsgruppen und Sch\u00fcler erhielten eigene Email-Adressen und die M\u00f6glichkeit Homepages einzustellen: Das Internet konnte somit in den Schulunterricht einbezogen werden. <\/p>\n<p>Es folgten zahlreiche Vortr\u00e4ge und Lehrveranstaltungen f\u00fcr Mitglieder sowie vereins\u00fcbergreifende Treffen (der B\u00fcrgernetzverein Hof e.V. geh\u00f6rt dem Verband der B\u00fcrgernetzvereine an) in den Jahren 2002 bis 2005.<\/p>\n<p>Um den Verein f\u00fcr kommende Jahre fit zu machen, mussten 2006 die Ausgaben gesenkt werden, da f\u00fcr Server und Interneteinwahl im Laufe der Jahre die staatliche F\u00f6rderung ausgelaufen war und inzwischen Vertr\u00e4ge mit Dritten bestanden. Der neu gew\u00e4hlte Vorstand hat seitdem das Ziel, durch verst\u00e4rktes ehrenamtliches Engagement und Verlagerung der Vereinszwecke in Richtung Aufkl\u00e4rung, Support, Schulungen, F\u00f6rderung des Vereinslebens und verst\u00e4rkte Zusammenarbeit mit anderen Vereinen die Abwanderung der Mitglieder zu stoppen bzw. neue Kr\u00e4fte f\u00fcr den Verein zu aktivieren.<\/p>\n<p>Eines der urspr\u00fcnglichen Ziele des Vereins,  entstanden aus den Vorgaben der Initiative Bayern Online I der Bayrischen Staatsregierung, wurde erreicht: den B\u00fcrger an das globale Netz heranzuf\u00fchren. Services, die der Verein fr\u00fcher angeboten hat, werden aufgrund der Verf\u00fcgbarkeit an Internet-Providern f\u00fcr private Netznutzung zu g\u00fcnstigen Tarifen heute nicht mehr ben\u00f6tigt. <\/p>\n<p>\u201eMehr-Wert durch Mehr-Wissen\u201c! Unter diesem Slogan widmet sich der B\u00fcrgernetzverein Hof e.V. der F\u00f6rderung der Volks- und Berufsbildung und liefert Hilfestellungen im Umgang mit dem Internet und neuen Medien allgemein. Der Verein z\u00e4hlt derzeit circa 900 Mitglieder.<\/p>\n","protected":false},"excerpt":{"rendered":"<p>Pionierarbeit aus Tradition in schnelllebigem Zeitalter 15 Jahre BNV Hof Am 12. M\u00e4rz 1996 wurde der B\u00fcrgernetzverein Hof e.V. gegr\u00fcndet. Am 05. November 1996 ging das B\u00fcrgernetz Hof online. Der Freistaat Bayern stellte \u00fcber die Zugangsleitung an der Fachhochschule Hof, auf Grundlage der Initiative Bayern Online I, dem Verein 25% der damals dort vorhandenen 2 [&hellip;]<\/p>\n","protected":false},"author":1,"featured_media":0,"parent":16,"menu_order":2,"comment_status":"closed","ping_status":"closed","template":"","meta":{"footnotes":"","_links_to":"","_links_to_target":""},"class_list":["post-27","page","type-page","status-publish","hentry"],"_links":{"self":[{"href":"https:\/\/www.bnhof.de\/index.php?rest_route=\/wp\/v2\/pages\/27","targetHints":{"allow":["GET"]}}],"collection":[{"href":"https:\/\/www.bnhof.de\/index.php?rest_route=\/wp\/v2\/pages"}],"about":[{"href":"https:\/\/www.bnhof.de\/index.php?rest_route=\/wp\/v2\/types\/page"}],"author":[{"embeddable":true,"href":"https:\/\/www.bnhof.de\/index.php?rest_route=\/wp\/v2\/users\/1"}],"replies":[{"embeddable":true,"href":"https:\/\/www.bnhof.de\/index.php?rest_route=%2Fwp%2Fv2%2Fcomments&post=27"}],"version-history":[{"count":7,"href":"https:\/\/www.bnhof.de\/index.php?rest_route=\/wp\/v2\/pages\/27\/revisions"}],"predecessor-version":[{"id":389,"href":"https:\/\/www.bnhof.de\/index.php?rest_route=\/wp\/v2\/pages\/27\/revisions\/389"}],"up":[{"embeddable":true,"href":"https:\/\/www.bnhof.de\/index.php?rest_route=\/wp\/v2\/pages\/16"}],"wp:attachment":[{"href":"https:\/\/www.bnhof.de\/index.php?rest_route=%2Fwp%2Fv2%2Fmedia&parent=27"}],"curies":[{"name":"wp","href":"https:\/\/api.w.org\/{rel}","templated":true}]}}