{"id":24,"date":"2013-06-14T13:11:44","date_gmt":"2013-06-14T11:11:44","guid":{"rendered":"http:\/\/www.phatmedia.de\/bnv\/?page_id=24"},"modified":"2017-04-03T13:31:02","modified_gmt":"2017-04-03T11:31:02","slug":"uber-uns","status":"publish","type":"page","link":"https:\/\/www.bnhof.de\/?page_id=24","title":{"rendered":"Der Verein"},"content":{"rendered":"<h1>Wir bringen B\u00fcrger ans Netz<\/h1>\n<p>Durch die immer weiter fortschreitende Digitalisierung ist es heutzutage unvorstellbar, ohne Internet zu leben. Im Alltag, aber auch im Arbeitsleben kommen digitale Endger\u00e4te zum Einsatz. So arbeitet ein Gro\u00dfteil der Bev\u00f6lkerung t\u00e4glich mit einem Computer, telefoniert mit dem Handy oder nutzt eine andere Anwendung, bei der die elektronische Datenverarbeitung oder -\u00fcbertragung eine wesentliche Rolle spielt.<\/p>\n<p>Doch wer kann von sich behaupten, die neuen M\u00f6glichkeiten der digitalen Neuzeit wirklich vollst\u00e4ndig zu durchschauen?<\/p>\n<p>Der B\u00fcrgernetzverein Hof e.V. geht mit der Zeit und greift dieses Thema verst\u00e4rkter auf als je zuvor. Es soll Licht ins Dunkle gebracht und eine effektive Plattform f\u00fcr Internetdienstleistungen, Hilfestellungen und Erfahrungsaustausch geschaffen werden. Damit erf\u00fcllen wir weiterhin den urspr\u00fcnglichen Zweck unseres Vereins: Wir bringen Sie ans Netz \u2013 technisch, wie auch gedanklich.<\/p>\n<p>Nutzen Sie den Mehr-Wert durch Mehr-Wissen und unterst\u00fctzen Sie uns! Der Verein lebt von aktiven Mitgliedern. Nur gemeinsam mit Ihnen k\u00f6nnen wir die Tradition des Vereins fortf\u00fchren, Pionierarbeit zu leisten.<\/p>\n<p>Als Mitglied haben Sie die M\u00f6glichkeit, unsere Seminare und Workshops zu besuchen, Erfahrungen mit Anderen auszutauschen, Hilfestellungen in Anspruch zu nehmen  oder diese sogar anzubieten. Au\u00dferdem erhalten Sie Zugang zu gesch\u00fctzten Bereichen unserer Homepage, sowie den technischen Services, die der Verein anbietet: Email, Webspace und k\u00fcnftig auch Online-Storage.<\/p>\n<p>Bei Fragen oder Problemen hilft Ihnen wochentags zwischen 09:00 und 18:00 Uhr unser Telefon-Support weiter, den sie unter der Nummer 09281- 16100 erreichen k\u00f6nnen.<\/p>\n<p>Falls sie spannende Projektideen oder Ideen f\u00fcr interessante Beitr\u00e4ge haben, lassen Sie es uns wissen!<\/p>\n","protected":false},"excerpt":{"rendered":"<p>Wir bringen B\u00fcrger ans Netz Durch die immer weiter fortschreitende Digitalisierung ist es heutzutage unvorstellbar, ohne Internet zu leben. Im Alltag, aber auch im Arbeitsleben kommen digitale Endger\u00e4te zum Einsatz. So arbeitet ein Gro\u00dfteil der Bev\u00f6lkerung t\u00e4glich mit einem Computer, telefoniert mit dem Handy oder nutzt eine andere Anwendung, bei der die elektronische Datenverarbeitung oder [&hellip;]<\/p>\n","protected":false},"author":1,"featured_media":0,"parent":16,"menu_order":1,"comment_status":"closed","ping_status":"closed","template":"","meta":{"footnotes":"","_links_to":"","_links_to_target":""},"class_list":["post-24","page","type-page","status-publish","hentry"],"_links":{"self":[{"href":"https:\/\/www.bnhof.de\/index.php?rest_route=\/wp\/v2\/pages\/24","targetHints":{"allow":["GET"]}}],"collection":[{"href":"https:\/\/www.bnhof.de\/index.php?rest_route=\/wp\/v2\/pages"}],"about":[{"href":"https:\/\/www.bnhof.de\/index.php?rest_route=\/wp\/v2\/types\/page"}],"author":[{"embeddable":true,"href":"https:\/\/www.bnhof.de\/index.php?rest_route=\/wp\/v2\/users\/1"}],"replies":[{"embeddable":true,"href":"https:\/\/www.bnhof.de\/index.php?rest_route=%2Fwp%2Fv2%2Fcomments&post=24"}],"version-history":[{"count":15,"href":"https:\/\/www.bnhof.de\/index.php?rest_route=\/wp\/v2\/pages\/24\/revisions"}],"predecessor-version":[{"id":374,"href":"https:\/\/www.bnhof.de\/index.php?rest_route=\/wp\/v2\/pages\/24\/revisions\/374"}],"up":[{"embeddable":true,"href":"https:\/\/www.bnhof.de\/index.php?rest_route=\/wp\/v2\/pages\/16"}],"wp:attachment":[{"href":"https:\/\/www.bnhof.de\/index.php?rest_route=%2Fwp%2Fv2%2Fmedia&parent=24"}],"curies":[{"name":"wp","href":"https:\/\/api.w.org\/{rel}","templated":true}]}}