{"id":13,"date":"2013-06-10T16:59:56","date_gmt":"2013-06-10T14:59:56","guid":{"rendered":"http:\/\/www.phatmedia.de\/bnv\/?page_id=13"},"modified":"2017-04-03T13:47:49","modified_gmt":"2017-04-03T11:47:49","slug":"mitgliedervorteile","status":"publish","type":"page","link":"https:\/\/www.bnhof.de\/?page_id=13","title":{"rendered":"Mitgliedervorteile"},"content":{"rendered":"<p><center><\/p>\n<table width=\"350\" border=\"0\" cellspacing=\"0\" cellpadding=\"0\">\n<tbody>\n<tr>\n<td><img loading=\"lazy\" decoding=\"async\" alt=\"\" src=\"http:\/\/www.phatmedia.de\/bnv\/wp-content\/uploads\/2014\/02\/hoehne-small.png\" width=\"300\" height=\"186\" \/><\/td>\n<td><img loading=\"lazy\" decoding=\"async\" alt=\"\" src=\"http:\/\/www.bnhof.de\/wp-content\/uploads\/2017\/04\/inttech_fuer_bnhof.jpg\" width=\"300\" height=\"186\" \/><\/td>\n<\/tr>\n<tr>\n<td><i>PARTNER<\/i><BR><br \/>\n<b><i>Nur f\u00fcr Mitglieder:<\/i><\/b><br \/>\n<b>10% Preisnachlass bei H\u00f6hne<\/b><br \/>\nH\u00f6hne B\u00fcrotechnik gew\u00e4hrt allen Mitgliedern 10% Rabatt auf alle Artikel der Marke &#8222;Brother&#8220;. Nennen Sie an der Kasse einfach Ihre ho-Nummer, um den Preisvorteil zu nutzen.<\/p>\n<p>B\u00fcro H\u00f6hne<br \/>\nW\u00f6rthstr. 14<br \/>\n95028 Hof<br \/>\n<BR><a href=\"http:\/\/www.hoehne-buero.de\">www.hoehne-buero.de<\/a><\/td>\n<td><i>PARTNER<\/i><BR><br \/>\n<b><i>Nur f\u00fcr Mitglieder:<\/i><\/b><br \/>\n<b>Preisvorteile bei INT-TECH<\/b><br \/>\nINT-TECH Systems ist Ihr leistungsstarker Partner f\u00fcr alle Bereiche der IT. F\u00fcr Mitglieder des B\u00fcrgernetzvereins bietet das Unternehmen spezielle Webhosting- und Domainangebote &#8211; ideal als Erg\u00e4nzung zu Ihrem Webspace beim B\u00fcrgernetzverein.<\/p>\n<p>INT-TECH Systems<br \/>\nEichenweg 12<br \/>\n95182 Tauperlitz<br \/>\n<BR><a href=\"http:\/\/www.int-tech.de\">www.int-tech.de<\/a><\/td>\n<\/tr>\n<\/tbody>\n<\/table>\n<p>&nbsp;<\/p>\n<p><\/center><\/p>\n","protected":false},"excerpt":{"rendered":"<p>PARTNER Nur f\u00fcr Mitglieder: 10% Preisnachlass bei H\u00f6hne H\u00f6hne B\u00fcrotechnik gew\u00e4hrt allen Mitgliedern 10% Rabatt auf alle Artikel der Marke &#8222;Brother&#8220;. Nennen Sie an der Kasse einfach Ihre ho-Nummer, um den Preisvorteil zu nutzen. B\u00fcro H\u00f6hne W\u00f6rthstr. 14 95028 Hof www.hoehne-buero.de PARTNER Nur f\u00fcr Mitglieder: Preisvorteile bei INT-TECH INT-TECH Systems ist Ihr leistungsstarker Partner f\u00fcr [&hellip;]<\/p>\n","protected":false},"author":1,"featured_media":0,"parent":0,"menu_order":5,"comment_status":"closed","ping_status":"closed","template":"","meta":{"footnotes":"","_links_to":"","_links_to_target":""},"class_list":["post-13","page","type-page","status-publish","hentry"],"_links":{"self":[{"href":"https:\/\/www.bnhof.de\/index.php?rest_route=\/wp\/v2\/pages\/13","targetHints":{"allow":["GET"]}}],"collection":[{"href":"https:\/\/www.bnhof.de\/index.php?rest_route=\/wp\/v2\/pages"}],"about":[{"href":"https:\/\/www.bnhof.de\/index.php?rest_route=\/wp\/v2\/types\/page"}],"author":[{"embeddable":true,"href":"https:\/\/www.bnhof.de\/index.php?rest_route=\/wp\/v2\/users\/1"}],"replies":[{"embeddable":true,"href":"https:\/\/www.bnhof.de\/index.php?rest_route=%2Fwp%2Fv2%2Fcomments&post=13"}],"version-history":[{"count":32,"href":"https:\/\/www.bnhof.de\/index.php?rest_route=\/wp\/v2\/pages\/13\/revisions"}],"predecessor-version":[{"id":377,"href":"https:\/\/www.bnhof.de\/index.php?rest_route=\/wp\/v2\/pages\/13\/revisions\/377"}],"wp:attachment":[{"href":"https:\/\/www.bnhof.de\/index.php?rest_route=%2Fwp%2Fv2%2Fmedia&parent=13"}],"curies":[{"name":"wp","href":"https:\/\/api.w.org\/{rel}","templated":true}]}}