{"id":12,"date":"2013-06-10T16:59:44","date_gmt":"2013-06-10T14:59:44","guid":{"rendered":"http:\/\/www.phatmedia.de\/bnv\/?page_id=12"},"modified":"2018-05-25T00:32:16","modified_gmt":"2018-05-24T22:32:16","slug":"kommunikation","status":"publish","type":"page","link":"https:\/\/www.bnhof.de\/?page_id=12","title":{"rendered":"Kontakt"},"content":{"rendered":"<p><b>&#8211; Unsere Hotline<\/b><br \/>\nMontag bis Freitag von 08:00 bis 12:00 Uhr und von 14:00 bis 17:00 Uhr:<br \/>\n<b>Telefon 09281-16100<\/b><\/p>\n<p><b>&#8211; Unser Kontaktformular<\/b><br \/>\nEinfach ausf\u00fcllen und abschicken:<br \/>\n\n<div class=\"wpcf7 no-js\" id=\"wpcf7-f67-o1\" lang=\"en-US\" dir=\"ltr\" data-wpcf7-id=\"67\">\n<div class=\"screen-reader-response\"><p role=\"status\" aria-live=\"polite\" aria-atomic=\"true\"><\/p> <ul><\/ul><\/div>\n<form action=\"\/index.php?rest_route=%2Fwp%2Fv2%2Fpages%2F12#wpcf7-f67-o1\" method=\"post\" class=\"wpcf7-form init\" aria-label=\"Contact form\" novalidate=\"novalidate\" data-status=\"init\">\n<fieldset class=\"hidden-fields-container\"><input type=\"hidden\" name=\"_wpcf7\" value=\"67\" \/><input type=\"hidden\" name=\"_wpcf7_version\" value=\"6.1.5\" \/><input type=\"hidden\" name=\"_wpcf7_locale\" value=\"en_US\" \/><input type=\"hidden\" name=\"_wpcf7_unit_tag\" value=\"wpcf7-f67-o1\" \/><input type=\"hidden\" name=\"_wpcf7_container_post\" value=\"0\" \/><input type=\"hidden\" name=\"_wpcf7_posted_data_hash\" value=\"\" \/><input type=\"hidden\" name=\"_wpcf7_recaptcha_response\" value=\"\" \/>\n<\/fieldset>\n<p>Ihr Name (Pflichtfeld)\n<\/p>\n<p><span class=\"wpcf7-form-control-wrap\" data-name=\"your-name\"><input size=\"40\" maxlength=\"400\" class=\"wpcf7-form-control wpcf7-text wpcf7-validates-as-required\" aria-required=\"true\" aria-invalid=\"false\" value=\"\" type=\"text\" name=\"your-name\" \/><\/span>\n<\/p>\n<p>Ihre E-Mail-Adresse (Pflichtfeld)\n<\/p>\n<p><span class=\"wpcf7-form-control-wrap\" data-name=\"your-email\"><input size=\"40\" maxlength=\"400\" class=\"wpcf7-form-control wpcf7-email wpcf7-validates-as-required wpcf7-text wpcf7-validates-as-email\" aria-required=\"true\" aria-invalid=\"false\" value=\"\" type=\"email\" name=\"your-email\" \/><\/span>\n<\/p>\n<p>Ihre Ho-Nummer (Pflichtfeld)\n<\/p>\n<p><span class=\"wpcf7-form-control-wrap\" data-name=\"your-number\"><input size=\"40\" maxlength=\"400\" class=\"wpcf7-form-control wpcf7-text wpcf7-validates-as-required\" aria-required=\"true\" aria-invalid=\"false\" value=\"\" type=\"text\" name=\"your-number\" \/><\/span>\n<\/p>\n<p>Betreff\n<\/p>\n<p><span class=\"wpcf7-form-control-wrap\" data-name=\"your-subject\"><input size=\"40\" maxlength=\"400\" class=\"wpcf7-form-control wpcf7-text\" aria-invalid=\"false\" value=\"\" type=\"text\" name=\"your-subject\" \/><\/span>\n<\/p>\n<p>Ihre Nachricht\n<\/p>\n<p><span class=\"wpcf7-form-control-wrap\" data-name=\"your-message\"><textarea cols=\"40\" rows=\"10\" maxlength=\"2000\" class=\"wpcf7-form-control wpcf7-textarea\" aria-invalid=\"false\" name=\"your-message\"><\/textarea><\/span>\n<\/p>\n<p><input class=\"wpcf7-form-control wpcf7-submit has-spinner\" type=\"submit\" value=\"Senden\" \/>\n<\/p><p style=\"display: none !important;\" class=\"akismet-fields-container\" data-prefix=\"_wpcf7_ak_\"><label>&#916;<textarea name=\"_wpcf7_ak_hp_textarea\" cols=\"45\" rows=\"8\" maxlength=\"100\"><\/textarea><\/label><input type=\"hidden\" id=\"ak_js_1\" name=\"_wpcf7_ak_js\" value=\"13\"\/><script>document.getElementById( \"ak_js_1\" ).setAttribute( \"value\", ( new Date() ).getTime() );<\/script><\/p><div class=\"wpcf7-response-output\" aria-hidden=\"true\"><\/div>\n<\/form>\n<\/div>\n<br \/>\n<i>Selbstverst\u00e4ndlich behandeln wir Ihre Daten vertraulich.<br \/>\nDie an uns \u00fcbermittelten Daten werden nicht an Dritte weitergegeben.<br \/>\nAlle \u00fcbermittelten Daten unterliegen dem deutschen Datenschutzgesetz.<\/i><\/p>\n<p>Hier finden Sie unsere <a href=\"https:\/\/www.bnhof.de\/datenschutz.php\"><strong>Datenschutzerkl\u00e4rung<\/strong><\/a>.<\/p>\n<p><b>&#8211; Unsere Anschrift<\/b><br \/>\nB\u00fcrgernetzverein Hof e.V.<br \/>\nEichenweg 12<br \/>\n95182 Tauperlitz<\/p>\n<p>Email f\u00fcr Support: support@bnhof.de<br \/>\nEmail der Vorst\u00e4nde: vorstand@bnhof.de<\/p>\n<p>Telefon: +49 (0) 92 81-16 100<br \/>\nTelefax: +49 (0) 92 81-16 209<\/p>\n","protected":false},"excerpt":{"rendered":"<p>&#8211; Unsere Hotline Montag bis Freitag von 08:00 bis 12:00 Uhr und von 14:00 bis 17:00 Uhr: Telefon 09281-16100 &#8211; Unser Kontaktformular Einfach ausf\u00fcllen und abschicken: Selbstverst\u00e4ndlich behandeln wir Ihre Daten vertraulich. Die an uns \u00fcbermittelten Daten werden nicht an Dritte weitergegeben. Alle \u00fcbermittelten Daten unterliegen dem deutschen Datenschutzgesetz. Hier finden Sie unsere Datenschutzerkl\u00e4rung. &#8211; [&hellip;]<\/p>\n","protected":false},"author":1,"featured_media":0,"parent":0,"menu_order":5,"comment_status":"closed","ping_status":"closed","template":"","meta":{"footnotes":"","_links_to":"","_links_to_target":""},"class_list":["post-12","page","type-page","status-publish","hentry"],"_links":{"self":[{"href":"https:\/\/www.bnhof.de\/index.php?rest_route=\/wp\/v2\/pages\/12","targetHints":{"allow":["GET"]}}],"collection":[{"href":"https:\/\/www.bnhof.de\/index.php?rest_route=\/wp\/v2\/pages"}],"about":[{"href":"https:\/\/www.bnhof.de\/index.php?rest_route=\/wp\/v2\/types\/page"}],"author":[{"embeddable":true,"href":"https:\/\/www.bnhof.de\/index.php?rest_route=\/wp\/v2\/users\/1"}],"replies":[{"embeddable":true,"href":"https:\/\/www.bnhof.de\/index.php?rest_route=%2Fwp%2Fv2%2Fcomments&post=12"}],"version-history":[{"count":23,"href":"https:\/\/www.bnhof.de\/index.php?rest_route=\/wp\/v2\/pages\/12\/revisions"}],"predecessor-version":[{"id":508,"href":"https:\/\/www.bnhof.de\/index.php?rest_route=\/wp\/v2\/pages\/12\/revisions\/508"}],"wp:attachment":[{"href":"https:\/\/www.bnhof.de\/index.php?rest_route=%2Fwp%2Fv2%2Fmedia&parent=12"}],"curies":[{"name":"wp","href":"https:\/\/api.w.org\/{rel}","templated":true}]}}